{"id":985,"date":"2024-08-13T00:03:38","date_gmt":"2024-08-12T22:03:38","guid":{"rendered":"https:\/\/www.avenirtiersmonde.org\/statuts\/"},"modified":"2024-11-06T17:58:57","modified_gmt":"2024-11-06T16:58:57","slug":"statuts","status":"publish","type":"page","link":"https:\/\/www.avenirtiersmonde.org\/fr\/statuts\/","title":{"rendered":"Statuts"},"content":{"rendered":"\t\t<div data-elementor-type=\"wp-page\" data-elementor-id=\"985\" class=\"elementor elementor-985 elementor-74\" data-elementor-post-type=\"page\">\n\t\t\t\t<div class=\"elementor-element elementor-element-f1bbc1d e-flex e-con-boxed e-con e-parent\" data-id=\"f1bbc1d\" data-element_type=\"container\">\n\t\t\t\t\t<div class=\"e-con-inner\">\n\t\t\t\t<div class=\"elementor-element elementor-element-68ccf10 elementor-widget elementor-widget-heading\" data-id=\"68ccf10\" data-element_type=\"widget\" data-widget_type=\"heading.default\">\n\t\t\t\t<div class=\"elementor-widget-container\">\n\t\t\t\t\t<h1 class=\"elementor-heading-title elementor-size-default\">Statuts d'AvenirTiers Monde e.V.<\/h1>\t\t\t\t<\/div>\n\t\t\t\t<\/div>\n\t\t<div class=\"elementor-element elementor-element-1082e19 e-con-full e-flex e-con e-child\" data-id=\"1082e19\" data-element_type=\"container\">\n\t\t\t\t<div class=\"elementor-element elementor-element-1891ade elementor-widget elementor-widget-heading\" data-id=\"1891ade\" data-element_type=\"widget\" data-widget_type=\"heading.default\">\n\t\t\t\t<div class=\"elementor-widget-container\">\n\t\t\t\t\t<h2 class=\"elementor-heading-title elementor-size-default\">\u00a7 1 (Nom, Si\u00e8ge)<\/h2>\t\t\t\t<\/div>\n\t\t\t\t<\/div>\n\t\t\t\t<div class=\"elementor-element elementor-element-07b2d21 elementor-widget elementor-widget-text-editor\" data-id=\"07b2d21\" data-element_type=\"widget\" data-widget_type=\"text-editor.default\">\n\t\t\t\t<div class=\"elementor-widget-container\">\n\t\t\t\t\t\t\t\t\t<ol>\n<li>L&rsquo;association porte le nom d&rsquo;Avenir Tiers Monde.<\/li>\n<li>Elle doit \u00eatre inscrite au registre des associations et portera ensuite la mention \u00ab e.V. \u00bb.<\/li>\n<li>Le si\u00e8ge de l&rsquo;association est Martin-Luther-str. 13, 10777 Berlin. <\/li>\n<\/ol>\n\t\t\t\t\t\t\t\t<\/div>\n\t\t\t\t<\/div>\n\t\t\t\t<\/div>\n\t\t<div class=\"elementor-element elementor-element-3ff961e e-con-full e-flex e-con e-child\" data-id=\"3ff961e\" data-element_type=\"container\">\n\t\t\t\t<div class=\"elementor-element elementor-element-3491a17 elementor-widget elementor-widget-heading\" data-id=\"3491a17\" data-element_type=\"widget\" data-widget_type=\"heading.default\">\n\t\t\t\t<div class=\"elementor-widget-container\">\n\t\t\t\t\t<h2 class=\"elementor-heading-title elementor-size-default\">\u00a7 2 (Objectif) <\/h2>\t\t\t\t<\/div>\n\t\t\t\t<\/div>\n\t\t\t\t<div class=\"elementor-element elementor-element-61a864d elementor-widget elementor-widget-text-editor\" data-id=\"61a864d\" data-element_type=\"widget\" data-widget_type=\"text-editor.default\">\n\t\t\t\t<div class=\"elementor-widget-container\">\n\t\t\t\t\t\t\t\t\t<ol>\n<li>Le but de l&rsquo;association est\n<ul>\n<li>La promotion de la coop\u00e9ration au d\u00e9veloppement, en particulier dans les domaines de l&rsquo;\u00e9ducation (formelle, in- et non-formelle), des soins de sant\u00e9, de l&rsquo;hygi\u00e8ne et de l&rsquo;environnement<\/li>\n<li>La promotion de la citoyennet\u00e9 active, en particulier des jeunes<\/li>\n<li>Promouvoir les possibilit\u00e9s de formation et am\u00e9liorer ainsi les possibilit\u00e9s d&#8217;emploi<\/li>\n<li>La promotion de la construction d&rsquo;infrastructures telles que les \u00e9coles et les infrastructures de transport, en particulier au Cameroun.<\/li>\n<\/ul>\n<\/li>\n<li>L&rsquo;objectif de l&rsquo;association est r\u00e9alis\u00e9 notamment par:\n<ul>\n<li>Organisation de manifestations scientifiques et de projets de recherche<\/li>\n<li>Maintien de centres de consultation<\/li>\n<li>Participation \u00e0 des forums et actions internationaux<\/li>\n<li>M\u00e9diation entre les groupes cr\u00e9atifs en Allemagne et au Cameroun<\/li>\n<li>Organisation et r\u00e9alisation de projets communs germano-camerounais, par ex. actions culturelles, expositions, lectures R\u00e9unions d&rsquo;information<\/li>\n<li>L&rsquo;acquisition d&rsquo;un aper\u00e7u de l&rsquo;histoire, de la culture et de la vie des Camerounais est une priorit\u00e9.<br \/>les personnes, en particulier celles vivant au Cameroun<\/li>\n<\/ul>\n<\/li>\n<li>L&rsquo;association est exclusivement et directement d&rsquo;utilit\u00e9 publique au sens de la section \u00ab Buts b\u00e9n\u00e9ficiant d&rsquo;avantages fiscaux \u00bb du code fiscal allemand. L&rsquo;association est d\u00e9sint\u00e9ress\u00e9e; elle ne poursuit pas en premier lieu des objectifs \u00e9conomiques propres. Les fonds de l&rsquo;association ne peuvent \u00eatre utilis\u00e9s qu&rsquo;\u00e0 des fins statutaires. Les membres ne re\u00e7oivent pas d&rsquo;allocations provenant des ressources de l&rsquo;association. Aucune personne ne peut \u00eatre favoris\u00e9e par des d\u00e9penses \u00e9trang\u00e8res \u00e0 l&rsquo;objectif de l&rsquo;association ou par des r\u00e9mun\u00e9rations disproportionn\u00e9es.    <\/li>\n<\/ol>\n\t\t\t\t\t\t\t\t<\/div>\n\t\t\t\t<\/div>\n\t\t\t\t<\/div>\n\t\t<div class=\"elementor-element elementor-element-1d87a99 e-con-full e-flex e-con e-child\" data-id=\"1d87a99\" data-element_type=\"container\">\n\t\t\t\t<div class=\"elementor-element elementor-element-d93b554 elementor-widget elementor-widget-heading\" data-id=\"d93b554\" data-element_type=\"widget\" data-widget_type=\"heading.default\">\n\t\t\t\t<div class=\"elementor-widget-container\">\n\t\t\t\t\t<h2 class=\"elementor-heading-title elementor-size-default\">\u00a7 3 (Adh\u00e9sion)<\/h2>\t\t\t\t<\/div>\n\t\t\t\t<\/div>\n\t\t\t\t<div class=\"elementor-element elementor-element-8fbc6e9 elementor-widget elementor-widget-text-editor\" data-id=\"8fbc6e9\" data-element_type=\"widget\" data-widget_type=\"text-editor.default\">\n\t\t\t\t<div class=\"elementor-widget-container\">\n\t\t\t\t\t\t\t\t\t<ol>\n<li style=\"font-size: 16px;\">Toute personne physique peut devenir membre de l&rsquo;association (y compris, le cas \u00e9ch\u00e9ant, les personnes morales).<\/li>\n<li style=\"font-size: 16px;\">Le comit\u00e9 directeur d\u00e9cide de l&rsquo;admission apr\u00e8s une demande \u00e9crite. Pour les mineurs, la demande d&rsquo;admission doit \u00eatre faite par le repr\u00e9sentant l\u00e9gal. <\/li>\n<li style=\"font-size: 16px;\">La d\u00e9mission de l&rsquo;association est possible \u00e0 tout moment. Elle se fait par communication \u00e9crite au comit\u00e9 directeur avec un d\u00e9lai de 6 semaines pour la fin d&rsquo;un trimestre. <\/li>\n<li style=\"font-size: 16px;\">Un membre peut \u00eatre exclu de l&rsquo;association si son comportement porte gravement atteinte aux int\u00e9r\u00eats de l&rsquo;association. L&rsquo;assembl\u00e9e g\u00e9n\u00e9rale d\u00e9cide de l&rsquo;exclusion. <\/li>\n<li style=\"font-size: 16px;\">La qualit\u00e9 de membre prend fin au d\u00e9c\u00e8s du membre (pour les personnes morales, \u00e0 leur extinction).<\/li>\n<li style=\"font-size: 16px;\">Le membre d\u00e9missionnaire ou exclu n&rsquo;a aucun droit sur les biens de l&rsquo;association.<\/li>\n<li style=\"font-size: 16px;\">Les membres doivent s&rsquo;acquitter de cotisations (contributions financi\u00e8res). Le montant et l&rsquo;\u00e9ch\u00e9ance des cotisations sont fix\u00e9s par l&rsquo;assembl\u00e9e g\u00e9n\u00e9rale. <\/li>\n<\/ol>\n\t\t\t\t\t\t\t\t<\/div>\n\t\t\t\t<\/div>\n\t\t\t\t<\/div>\n\t\t<div class=\"elementor-element elementor-element-d97b0c2 e-con-full e-flex e-con e-child\" data-id=\"d97b0c2\" data-element_type=\"container\">\n\t\t\t\t<div class=\"elementor-element elementor-element-e82d0c3 elementor-widget elementor-widget-heading\" data-id=\"e82d0c3\" data-element_type=\"widget\" data-widget_type=\"heading.default\">\n\t\t\t\t<div class=\"elementor-widget-container\">\n\t\t\t\t\t<h2 class=\"elementor-heading-title elementor-size-default\">\u00a7 4 (Comit\u00e9 directeur)<\/h2>\t\t\t\t<\/div>\n\t\t\t\t<\/div>\n\t\t\t\t<div class=\"elementor-element elementor-element-555c24c elementor-widget elementor-widget-text-editor\" data-id=\"555c24c\" data-element_type=\"widget\" data-widget_type=\"text-editor.default\">\n\t\t\t\t<div class=\"elementor-widget-container\">\n\t\t\t\t\t\t\t\t\t<ol>\n<li style=\"font-size: 16px;\">Le comit\u00e9 directeur de l&rsquo;association est compos\u00e9 du premier pr\u00e9sident, du deuxi\u00e8me pr\u00e9sident, du tr\u00e9sorier et du secr\u00e9taire.  <\/li>\n<li style=\"font-size: 16px;\">Le comit\u00e9 directeur au sens du \u00a726 BGB est compos\u00e9 du premier pr\u00e9sident et du deuxi\u00e8me pr\u00e9sident. Chacun d&rsquo;entre eux repr\u00e9sente l&rsquo;association individuellement.   <\/li>\n<li style=\"font-size: 16px;\">Le comit\u00e9 directeur est \u00e9lu par l&rsquo;assembl\u00e9e g\u00e9n\u00e9rale pour une dur\u00e9e de deux ans ; il reste toutefois en fonction jusqu&rsquo;\u00e0 ce qu&rsquo;une nouvelle \u00e9lection ait lieu.<\/li>\n<\/ol>\n\t\t\t\t\t\t\t\t<\/div>\n\t\t\t\t<\/div>\n\t\t\t\t<\/div>\n\t\t<div class=\"elementor-element elementor-element-797cb00 e-con-full e-flex e-con e-child\" data-id=\"797cb00\" data-element_type=\"container\">\n\t\t\t\t<div class=\"elementor-element elementor-element-b019201 elementor-widget elementor-widget-heading\" data-id=\"b019201\" data-element_type=\"widget\" data-widget_type=\"heading.default\">\n\t\t\t\t<div class=\"elementor-widget-container\">\n\t\t\t\t\t<h2 class=\"elementor-heading-title elementor-size-default\">\u00a7 5 (Assembl\u00e9e g\u00e9n\u00e9rale)<\/h2>\t\t\t\t<\/div>\n\t\t\t\t<\/div>\n\t\t\t\t<div class=\"elementor-element elementor-element-a8d0eec elementor-widget elementor-widget-text-editor\" data-id=\"a8d0eec\" data-element_type=\"widget\" data-widget_type=\"text-editor.default\">\n\t\t\t\t<div class=\"elementor-widget-container\">\n\t\t\t\t\t\t\t\t\t<ol>\n<li>L&rsquo;assembl\u00e9e g\u00e9n\u00e9rale ordinaire a lieu une fois par an. En outre, une assembl\u00e9e g\u00e9n\u00e9rale doit \u00eatre convoqu\u00e9e si l&rsquo;int\u00e9r\u00eat de l&rsquo;association l&rsquo;exige ou si au moins 1\/10 des membres en font la demande par \u00e9crit en indiquant l&rsquo;objet et les motifs de la convocation. <\/li>\n<li>Chaque assembl\u00e9e g\u00e9n\u00e9rale doit \u00eatre convoqu\u00e9e par \u00e9crit par le comit\u00e9 directeur, en respectant un d\u00e9lai de convocation de deux semaines et en indiquant l&rsquo;ordre du jour.<\/li>\n<li>Le pr\u00e9sident de l&rsquo;assembl\u00e9e est le premier pr\u00e9sident et, en cas d&#8217;emp\u00eachement, le deuxi\u00e8me pr\u00e9sident. Si les deux ne sont pas pr\u00e9sents, un pr\u00e9sident de l&rsquo;assembl\u00e9e est \u00e9lu par l&rsquo;assembl\u00e9e g\u00e9n\u00e9rale. Si le secr\u00e9taire n&rsquo;est pas pr\u00e9sent, il est \u00e9galement d\u00e9sign\u00e9 par l&rsquo;assembl\u00e9e g\u00e9n\u00e9rale.  <\/li>\n<li>Toute assembl\u00e9e g\u00e9n\u00e9rale d\u00fbment convoqu\u00e9e peut d\u00e9lib\u00e9rer valablement quel que soit le nombre de membres pr\u00e9sents.<\/li>\n<li>Les d\u00e9cisions de l&rsquo;assembl\u00e9e g\u00e9n\u00e9rale sont prises \u00e0 la majorit\u00e9 simple des voix valables exprim\u00e9es. Toutefois, pour modifier les statuts et le but de l&rsquo;association, une majorit\u00e9 de \u00be des voix valables exprim\u00e9es est n\u00e9cessaire. <\/li>\n<li>Les d\u00e9cisions de l&rsquo;assembl\u00e9e g\u00e9n\u00e9rale doivent \u00eatre consign\u00e9es dans un proc\u00e8s-verbal sign\u00e9 par le pr\u00e9sident de l&rsquo;assembl\u00e9e et le secr\u00e9taire.<\/li>\n<\/ol>\n\t\t\t\t\t\t\t\t<\/div>\n\t\t\t\t<\/div>\n\t\t\t\t<\/div>\n\t\t<div class=\"elementor-element elementor-element-d9997a2 e-con-full e-flex e-con e-child\" data-id=\"d9997a2\" data-element_type=\"container\">\n\t\t\t\t<div class=\"elementor-element elementor-element-24eb719 elementor-widget elementor-widget-heading\" data-id=\"24eb719\" data-element_type=\"widget\" data-widget_type=\"heading.default\">\n\t\t\t\t<div class=\"elementor-widget-container\">\n\t\t\t\t\t<h2 class=\"elementor-heading-title elementor-size-default\">\u00a7 6 (Dissolution, D\u00e9volution de la fortune de l'association)<\/h2>\t\t\t\t<\/div>\n\t\t\t\t<\/div>\n\t\t\t\t<div class=\"elementor-element elementor-element-9d477cc elementor-widget elementor-widget-text-editor\" data-id=\"9d477cc\" data-element_type=\"widget\" data-widget_type=\"text-editor.default\">\n\t\t\t\t<div class=\"elementor-widget-container\">\n\t\t\t\t\t\t\t\t\t<ol>\n<li>La dissolution de l&rsquo;association requiert une majorit\u00e9 de 4\/5 des voix valables exprim\u00e9es.<\/li>\n<li>En cas de dissolution de l&rsquo;association, de retrait de la capacit\u00e9 juridique ou d&rsquo;abandon des objectifs b\u00e9n\u00e9ficiant d&rsquo;avantages fiscaux, le patrimoine revient \u00e0 une personne morale de droit public ou \u00e0 un autre organisme b\u00e9n\u00e9ficiant d&rsquo;avantages fiscaux pour la promotion de la coop\u00e9ration au d\u00e9veloppement ou de l&rsquo;\u00e9ducation.<\/li>\n<\/ol>\n\t\t\t\t\t\t\t\t<\/div>\n\t\t\t\t<\/div>\n\t\t\t\t<\/div>\n\t\t\t\t<div class=\"elementor-element elementor-element-dfcc048 elementor-widget elementor-widget-text-editor\" data-id=\"dfcc048\" data-element_type=\"widget\" data-widget_type=\"text-editor.default\">\n\t\t\t\t<div class=\"elementor-widget-container\">\n\t\t\t\t\t\t\t\t\t<ol>\n<li style=\"list-style-type: none;\"> <\/li>\n<\/ol>\n<p>Berlin, 26 novembre 2011<\/p>\n\t\t\t\t\t\t\t\t<\/div>\n\t\t\t\t<\/div>\n\t\t\t\t\t<\/div>\n\t\t\t\t<\/div>\n\t\t\t\t<\/div>\n\t\t","protected":false},"excerpt":{"rendered":"<p>Statuts d&rsquo;AvenirTiers Monde e.V. \u00a7 1 (Nom, Si\u00e8ge) L&rsquo;association porte le nom d&rsquo;Avenir Tiers Monde. Elle doit \u00eatre inscrite au registre des associations et portera ensuite la mention \u00ab e.V. \u00bb. Le si\u00e8ge de l&rsquo;association est Martin-Luther-str. 13, 10777 Berlin. \u00a7 2 (Objectif) Le but de l&rsquo;association est La promotion de la coop\u00e9ration au d\u00e9veloppement, [&hellip;]<\/p>\n","protected":false},"author":1,"featured_media":0,"parent":0,"menu_order":0,"comment_status":"closed","ping_status":"closed","template":"","meta":{"_acf_changed":false,"footnotes":""},"class_list":["post-985","page","type-page","status-publish","hentry"],"acf":[],"_links":{"self":[{"href":"https:\/\/www.avenirtiersmonde.org\/fr\/wp-json\/wp\/v2\/pages\/985","targetHints":{"allow":["GET"]}}],"collection":[{"href":"https:\/\/www.avenirtiersmonde.org\/fr\/wp-json\/wp\/v2\/pages"}],"about":[{"href":"https:\/\/www.avenirtiersmonde.org\/fr\/wp-json\/wp\/v2\/types\/page"}],"author":[{"embeddable":true,"href":"https:\/\/www.avenirtiersmonde.org\/fr\/wp-json\/wp\/v2\/users\/1"}],"replies":[{"embeddable":true,"href":"https:\/\/www.avenirtiersmonde.org\/fr\/wp-json\/wp\/v2\/comments?post=985"}],"version-history":[{"count":1,"href":"https:\/\/www.avenirtiersmonde.org\/fr\/wp-json\/wp\/v2\/pages\/985\/revisions"}],"predecessor-version":[{"id":986,"href":"https:\/\/www.avenirtiersmonde.org\/fr\/wp-json\/wp\/v2\/pages\/985\/revisions\/986"}],"wp:attachment":[{"href":"https:\/\/www.avenirtiersmonde.org\/fr\/wp-json\/wp\/v2\/media?parent=985"}],"curies":[{"name":"wp","href":"https:\/\/api.w.org\/{rel}","templated":true}]}}